{"id":99,"date":"2023-05-11T14:22:06","date_gmt":"2023-05-11T12:22:06","guid":{"rendered":"http:\/\/roomsincracow.loc\/what-to-see\/"},"modified":"2023-06-23T16:22:23","modified_gmt":"2023-06-23T14:22:23","slug":"what-to-see","status":"publish","type":"page","link":"https:\/\/roomsincracow.com\/pl\/what-to-see\/","title":{"rendered":"Warto zobaczy\u0107!"},"content":{"rendered":"<p>Rynek G\u0142\u00f3wny: To bij\u0105ce serce Krakowa, ten rozleg\u0142y plac jest t\u0119tni\u0105cym \u017cyciem centrum aktywno\u015bci. Podziwiaj wspania\u0142\u0105 architektur\u0119, przegl\u0105daj urocze sklepy i ciesz si\u0119 \u017cyw\u0105 atmosfer\u0105 ulicznych artyst\u00f3w i kawiarni na \u015bwie\u017cym powietrzu.<\/p>\n<ol>\n<li>\n<p>Zamek na Wawelu: Po\u0142o\u017cona na szczycie wzg\u00f3rza majestatyczna twierdza oferuje wgl\u0105d w kr\u00f3lewsk\u0105 histori\u0119 Polski. Odkryj okaza\u0142e komnaty, podziwiaj wspania\u0142e gobeliny i odwied\u017a Katedr\u0119 Wawelsk\u0105, gdzie kr\u00f3lowie byli koronowani i pochowani.<\/p>\n<\/li>\n<li>\n<p>Kazimierz: Znany jako Dzielnica \u017bydowska, Kazimierz to artystyczna dzielnica pe\u0142na historii i uroku. Spaceruj po jego klimatycznych uliczkach, odwied\u017a staro\u017cytne synagogi i poznaj t\u0119tni\u0105c\u0105 \u017cyciem mieszank\u0119 \u017cydowskiego dziedzictwa i nowoczesnej kreatywno\u015bci.<\/p>\n<\/li>\n<li>\n<p>Bazylika Mariacka: Prawdziwy klejnot architektury, to gotyckie arcydzie\u0142o dominuje w panoramie Krakowa. Wejd\u017a do \u015brodka, aby zobaczy\u0107 zapieraj\u0105cy dech w piersiach o\u0142tarz wyrze\u017abiony przez Wita Stwosza i daj si\u0119 oczarowa\u0107 eterycznemu pi\u0119knu wn\u0119trza.<\/p>\n<\/li>\n<li>\n<p>Miejsce Pami\u0119ci i Muzeum Auschwitz-Birkenau: Po\u0142o\u017cone na obrze\u017cach Krakowa, to uroczyste miejsce przypomina o okrucie\u0144stwach Holokaustu. Oddaj ho\u0142d ofiarom, poznaj eksponaty i zastan\u00f3w si\u0119 nad znaczeniem pami\u0119ci i tolerancji.<\/p>\n<\/li>\n<li>\n<p>Kopalnia soli w Wieliczce: Zejd\u017a pod ziemi\u0119, aby odkry\u0107 to niezwyk\u0142e miejsce wpisane na List\u0119 \u015awiatowego Dziedzictwa UNESCO. Podziwiaj misternie wykute w soli komory, inspiruj\u0105ce kaplice, a nawet podziemne jezioro, wszystko stworzone przez wykwalifikowane r\u0119ce minionych pokole\u0144.<\/p>\n<\/li>\n<li>\n<p>Muzeum Fabryka Schindlera: Poznaj histori\u0119 Oskara Schindlera i \u017cydowskich mieszka\u0144c\u00f3w, kt\u00f3rych uratowa\u0142 podczas II wojny \u015bwiatowej. Dzi\u0119ki interaktywnym eksponatom, zdj\u0119ciom i osobistym relacjom mo\u017cna lepiej zrozumie\u0107 ten heroiczny rozdzia\u0142 w historii.<\/p>\n<\/li>\n<li>\n<p>Park Planty: Otaczaj\u0105ca Stare Miasto, bujna zielona oaza zapewnia spokojn\u0105 ucieczk\u0119 od t\u0119tni\u0105cego \u017cyciem miasta. Wybierz si\u0119 na spokojny spacer, zrelaksuj si\u0119 na \u0142awce w parku i podziwiaj kolorowe kwietniki, ch\u0142on\u0105c pi\u0119kno naturalnego otoczenia Krakowa.<\/p>\n<\/li>\n<li>\n<p>Kopiec Ko\u015bciuszki: Wejd\u017a na to sztuczne wzg\u00f3rze, po\u015bwi\u0119cone polskiemu bohaterowi narodowemu Tadeuszowi Ko\u015bciuszce, a zostaniesz nagrodzony panoramicznym widokiem na panoram\u0119 Krakowa. Zr\u00f3b zapieraj\u0105ce dech w piersiach zdj\u0119cia i poczuj podziw, patrz\u0105c na miasto poni\u017cej.<\/p>\n<\/li>\n<li>\n<p>Zakrz\u00f3wek: W niewielkiej odleg\u0142o\u015bci od centrum miasta znajduje si\u0119 malowniczy kamienio\u0142om przekszta\u0142cony w jezioro. Wybierz si\u0119 na spokojny spacer wzd\u0142u\u017c turkusowych w\u00f3d, pop\u0142ywaj lub po prostu wygrzej si\u0119 na s\u0142o\u0144cu, podziwiaj\u0105c wspania\u0142e widoki na otaczaj\u0105ce klify.<\/p>\n<\/li>\n<li>\n<p>Muzeum Narodowe w Krakowie: Zanurz si\u0119 w bogatym dziedzictwie artystycznym Polski w tym rozleg\u0142ym muzeum. Odkryj ogromn\u0105 kolekcj\u0119 obraz\u00f3w, rze\u017ab i sztuk dekoracyjnych z r\u00f3\u017cnych epok, w tym dzie\u0142a znanych polskich artyst\u00f3w.<\/p>\n<\/li>\n<li>\n<p>Muzeum Narodowe w Krakowie: Zanurz si\u0119 w bogatym dziedzictwie artystycznym Polski w tym rozleg\u0142ym muzeum. Odkryj ogromn\u0105 kolekcj\u0119 obraz\u00f3w, rze\u017ab i sztuk dekoracyjnych z r\u00f3\u017cnych epok, w tym dzie\u0142a znanych polskich artyst\u00f3w.<\/p>\n<\/li>\n<li>\n<p>Collegium Maius: Odwied\u017a historyczn\u0105 siedzib\u0119 Uniwersytetu Jagiello\u0144skiego, jednego z najstarszych uniwersytet\u00f3w na \u015bwiecie. Podziwiaj wielki dziedziniec, odkrywaj fascynuj\u0105ce eksponaty w muzeum i ch\u0142o\u0144 akademick\u0105 atmosfer\u0119, kt\u00f3ra ukszta\u0142towa\u0142a pokolenia uczonych.<\/p>\n<\/li>\n<\/ol>\n<p>Od wspania\u0142o\u015bci Rynku G\u0142\u00f3wnego po powag\u0119 Auschwitz-Birkenau i ukryte zak\u0105tki Kazimierza, Krak\u00f3w i jego okolice oferuj\u0105 bogactwo urzekaj\u0105cych wra\u017ce\u0144. Ka\u017cde miejsce ma swoj\u0105 unikaln\u0105 histori\u0119 do opowiedzenia, tkaj\u0105c razem gobelin historii, kultury i naturalnego pi\u0119kna. Przygotuj si\u0119 na oczarowanie, wyruszaj\u0105c w podr\u00f3\u017c przez czaruj\u0105ce miasto Krak\u00f3w i jego niezwyk\u0142e okolice.<\/p>\n<p>\u00a0<\/p>\n\n\n<p><\/p>\n","protected":false},"excerpt":{"rendered":"<p>Rynek G\u0142\u00f3wny: To bij\u0105ce serce Krakowa, ten rozleg\u0142y plac jest t\u0119tni\u0105cym \u017cyciem centrum aktywno\u015bci. Podziwiaj wspania\u0142\u0105 architektur\u0119, przegl\u0105daj urocze sklepy i ciesz si\u0119 \u017cyw\u0105 atmosfer\u0105 ulicznych artyst\u00f3w i kawiarni na \u015bwie\u017cym powietrzu. Zamek na Wawelu: Po\u0142o\u017cona na szczycie wzg\u00f3rza majestatyczna twierdza oferuje wgl\u0105d w kr\u00f3lewsk\u0105 histori\u0119 Polski. Odkryj okaza\u0142e komnaty, podziwiaj wspania\u0142e gobeliny i odwied\u017a [&hellip;]<\/p>\n","protected":false},"author":1,"featured_media":0,"parent":0,"menu_order":0,"comment_status":"closed","ping_status":"closed","template":"page.php","meta":{"footnotes":""},"class_list":["post-99","page","type-page","status-publish","hentry"],"acf":[],"yoast_head":"<!-- This site is optimized with the Yoast SEO plugin v21.5 - https:\/\/yoast.com\/wordpress\/plugins\/seo\/ -->\n<title>Warto zobaczy\u0107! - Rooms in Cracow<\/title>\n<meta name=\"robots\" content=\"index, follow, max-snippet:-1, max-image-preview:large, max-video-preview:-1\" \/>\n<link rel=\"canonical\" href=\"https:\/\/roomsincracow.com\/pl\/what-to-see\/\" \/>\n<meta property=\"og:locale\" content=\"pl_PL\" \/>\n<meta property=\"og:type\" content=\"article\" \/>\n<meta property=\"og:title\" content=\"Warto zobaczy\u0107! - Rooms in Cracow\" \/>\n<meta property=\"og:description\" content=\"Rynek G\u0142\u00f3wny: To bij\u0105ce serce Krakowa, ten rozleg\u0142y plac jest t\u0119tni\u0105cym \u017cyciem centrum aktywno\u015bci. Podziwiaj wspania\u0142\u0105 architektur\u0119, przegl\u0105daj urocze sklepy i ciesz si\u0119 \u017cyw\u0105 atmosfer\u0105 ulicznych artyst\u00f3w i kawiarni na \u015bwie\u017cym powietrzu. Zamek na Wawelu: Po\u0142o\u017cona na szczycie wzg\u00f3rza majestatyczna twierdza oferuje wgl\u0105d w kr\u00f3lewsk\u0105 histori\u0119 Polski. Odkryj okaza\u0142e komnaty, podziwiaj wspania\u0142e gobeliny i odwied\u017a [&hellip;]\" \/>\n<meta property=\"og:url\" content=\"https:\/\/roomsincracow.com\/pl\/what-to-see\/\" \/>\n<meta property=\"og:site_name\" content=\"Rooms in Cracow\" \/>\n<meta property=\"article:modified_time\" content=\"2023-06-23T14:22:23+00:00\" \/>\n<meta name=\"twitter:card\" content=\"summary_large_image\" \/>\n<meta name=\"twitter:label1\" content=\"Szacowany czas czytania\" \/>\n\t<meta name=\"twitter:data1\" content=\"3 minuty\" \/>\n<script type=\"application\/ld+json\" class=\"yoast-schema-graph\">{\"@context\":\"https:\/\/schema.org\",\"@graph\":[{\"@type\":\"WebPage\",\"@id\":\"https:\/\/roomsincracow.com\/pl\/what-to-see\/\",\"url\":\"https:\/\/roomsincracow.com\/pl\/what-to-see\/\",\"name\":\"Warto zobaczy\u0107! - Rooms in Cracow\",\"isPartOf\":{\"@id\":\"https:\/\/roomsincracow.com\/pl\/#website\"},\"datePublished\":\"2023-05-11T12:22:06+00:00\",\"dateModified\":\"2023-06-23T14:22:23+00:00\",\"breadcrumb\":{\"@id\":\"https:\/\/roomsincracow.com\/pl\/what-to-see\/#breadcrumb\"},\"inLanguage\":\"pl-PL\",\"potentialAction\":[{\"@type\":\"ReadAction\",\"target\":[\"https:\/\/roomsincracow.com\/pl\/what-to-see\/\"]}]},{\"@type\":\"BreadcrumbList\",\"@id\":\"https:\/\/roomsincracow.com\/pl\/what-to-see\/#breadcrumb\",\"itemListElement\":[{\"@type\":\"ListItem\",\"position\":1,\"name\":\"Strona g\u0142\u00f3wna\",\"item\":\"https:\/\/roomsincracow.com\/pl\/\"},{\"@type\":\"ListItem\",\"position\":2,\"name\":\"Warto zobaczy\u0107!\"}]},{\"@type\":\"WebSite\",\"@id\":\"https:\/\/roomsincracow.com\/pl\/#website\",\"url\":\"https:\/\/roomsincracow.com\/pl\/\",\"name\":\"Rooms in Cracow\",\"description\":\"Rooms in Cracow\",\"potentialAction\":[{\"@type\":\"SearchAction\",\"target\":{\"@type\":\"EntryPoint\",\"urlTemplate\":\"https:\/\/roomsincracow.com\/pl\/?s={search_term_string}\"},\"query-input\":\"required name=search_term_string\"}],\"inLanguage\":\"pl-PL\"}]}<\/script>\n<!-- \/ Yoast SEO plugin. -->","yoast_head_json":{"title":"Warto zobaczy\u0107! - Rooms in Cracow","robots":{"index":"index","follow":"follow","max-snippet":"max-snippet:-1","max-image-preview":"max-image-preview:large","max-video-preview":"max-video-preview:-1"},"canonical":"https:\/\/roomsincracow.com\/pl\/what-to-see\/","og_locale":"pl_PL","og_type":"article","og_title":"Warto zobaczy\u0107! - Rooms in Cracow","og_description":"Rynek G\u0142\u00f3wny: To bij\u0105ce serce Krakowa, ten rozleg\u0142y plac jest t\u0119tni\u0105cym \u017cyciem centrum aktywno\u015bci. Podziwiaj wspania\u0142\u0105 architektur\u0119, przegl\u0105daj urocze sklepy i ciesz si\u0119 \u017cyw\u0105 atmosfer\u0105 ulicznych artyst\u00f3w i kawiarni na \u015bwie\u017cym powietrzu. Zamek na Wawelu: Po\u0142o\u017cona na szczycie wzg\u00f3rza majestatyczna twierdza oferuje wgl\u0105d w kr\u00f3lewsk\u0105 histori\u0119 Polski. Odkryj okaza\u0142e komnaty, podziwiaj wspania\u0142e gobeliny i odwied\u017a [&hellip;]","og_url":"https:\/\/roomsincracow.com\/pl\/what-to-see\/","og_site_name":"Rooms in Cracow","article_modified_time":"2023-06-23T14:22:23+00:00","twitter_card":"summary_large_image","twitter_misc":{"Szacowany czas czytania":"3 minuty"},"schema":{"@context":"https:\/\/schema.org","@graph":[{"@type":"WebPage","@id":"https:\/\/roomsincracow.com\/pl\/what-to-see\/","url":"https:\/\/roomsincracow.com\/pl\/what-to-see\/","name":"Warto zobaczy\u0107! - Rooms in Cracow","isPartOf":{"@id":"https:\/\/roomsincracow.com\/pl\/#website"},"datePublished":"2023-05-11T12:22:06+00:00","dateModified":"2023-06-23T14:22:23+00:00","breadcrumb":{"@id":"https:\/\/roomsincracow.com\/pl\/what-to-see\/#breadcrumb"},"inLanguage":"pl-PL","potentialAction":[{"@type":"ReadAction","target":["https:\/\/roomsincracow.com\/pl\/what-to-see\/"]}]},{"@type":"BreadcrumbList","@id":"https:\/\/roomsincracow.com\/pl\/what-to-see\/#breadcrumb","itemListElement":[{"@type":"ListItem","position":1,"name":"Strona g\u0142\u00f3wna","item":"https:\/\/roomsincracow.com\/pl\/"},{"@type":"ListItem","position":2,"name":"Warto zobaczy\u0107!"}]},{"@type":"WebSite","@id":"https:\/\/roomsincracow.com\/pl\/#website","url":"https:\/\/roomsincracow.com\/pl\/","name":"Rooms in Cracow","description":"Rooms in Cracow","potentialAction":[{"@type":"SearchAction","target":{"@type":"EntryPoint","urlTemplate":"https:\/\/roomsincracow.com\/pl\/?s={search_term_string}"},"query-input":"required name=search_term_string"}],"inLanguage":"pl-PL"}]}},"_links":{"self":[{"href":"https:\/\/roomsincracow.com\/pl\/wp-json\/wp\/v2\/pages\/99","targetHints":{"allow":["GET"]}}],"collection":[{"href":"https:\/\/roomsincracow.com\/pl\/wp-json\/wp\/v2\/pages"}],"about":[{"href":"https:\/\/roomsincracow.com\/pl\/wp-json\/wp\/v2\/types\/page"}],"author":[{"embeddable":true,"href":"https:\/\/roomsincracow.com\/pl\/wp-json\/wp\/v2\/users\/1"}],"replies":[{"embeddable":true,"href":"https:\/\/roomsincracow.com\/pl\/wp-json\/wp\/v2\/comments?post=99"}],"version-history":[{"count":5,"href":"https:\/\/roomsincracow.com\/pl\/wp-json\/wp\/v2\/pages\/99\/revisions"}],"predecessor-version":[{"id":153,"href":"https:\/\/roomsincracow.com\/pl\/wp-json\/wp\/v2\/pages\/99\/revisions\/153"}],"wp:attachment":[{"href":"https:\/\/roomsincracow.com\/pl\/wp-json\/wp\/v2\/media?parent=99"}],"curies":[{"name":"wp","href":"https:\/\/api.w.org\/{rel}","templated":true}]}}