{"id":168,"date":"2023-06-23T16:33:32","date_gmt":"2023-06-23T14:33:32","guid":{"rendered":"https:\/\/roomsincracow.milleniumhost.pl\/zarazerwuj-pokoj\/"},"modified":"2023-06-23T16:41:39","modified_gmt":"2023-06-23T14:41:39","slug":"zarazerwuj-pokoj","status":"publish","type":"page","link":"https:\/\/roomsincracow.com\/pl\/zarazerwuj-pokoj\/","title":{"rendered":"Zarazerwuj pok\u00f3j"},"content":{"rendered":"\n<h2 class=\"wp-block-heading\">Rezerwacji mo\u017cna dokona\u0107 za po\u015brednictwem strony airbnb:  <a href=\"https:\/\/www.airbnb.pl\/p\/roomsincracow\" target=\"_blank\" rel=\"noreferrer noopener\">https:\/\/www.airbnb.pl\/p\/roomsincracow<\/a><\/h2>\n\n\n\n<p><\/p>\n","protected":false},"excerpt":{"rendered":"<p>Rezerwacji mo\u017cna dokona\u0107 za po\u015brednictwem strony airbnb: https:\/\/www.airbnb.pl\/p\/roomsincracow<\/p>\n","protected":false},"author":1,"featured_media":0,"parent":0,"menu_order":0,"comment_status":"closed","ping_status":"closed","template":"","meta":{"footnotes":""},"class_list":["post-168","page","type-page","status-publish","hentry"],"acf":[],"yoast_head":"<!-- This site is optimized with the Yoast SEO plugin v21.5 - https:\/\/yoast.com\/wordpress\/plugins\/seo\/ -->\n<title>Zarazerwuj pok\u00f3j - Rooms in Cracow<\/title>\n<meta name=\"robots\" content=\"index, follow, max-snippet:-1, max-image-preview:large, max-video-preview:-1\" \/>\n<link rel=\"canonical\" href=\"https:\/\/roomsincracow.com\/pl\/zarazerwuj-pokoj\/\" \/>\n<meta property=\"og:locale\" content=\"pl_PL\" \/>\n<meta property=\"og:type\" content=\"article\" \/>\n<meta property=\"og:title\" content=\"Zarazerwuj pok\u00f3j - Rooms in Cracow\" \/>\n<meta property=\"og:description\" content=\"Rezerwacji mo\u017cna dokona\u0107 za po\u015brednictwem strony airbnb: https:\/\/www.airbnb.pl\/p\/roomsincracow\" \/>\n<meta property=\"og:url\" content=\"https:\/\/roomsincracow.com\/pl\/zarazerwuj-pokoj\/\" \/>\n<meta property=\"og:site_name\" content=\"Rooms in Cracow\" \/>\n<meta property=\"article:modified_time\" content=\"2023-06-23T14:41:39+00:00\" \/>\n<meta name=\"twitter:card\" content=\"summary_large_image\" \/>\n<script type=\"application\/ld+json\" class=\"yoast-schema-graph\">{\"@context\":\"https:\/\/schema.org\",\"@graph\":[{\"@type\":\"WebPage\",\"@id\":\"https:\/\/roomsincracow.com\/pl\/zarazerwuj-pokoj\/\",\"url\":\"https:\/\/roomsincracow.com\/pl\/zarazerwuj-pokoj\/\",\"name\":\"Zarazerwuj pok\u00f3j - Rooms in Cracow\",\"isPartOf\":{\"@id\":\"https:\/\/roomsincracow.com\/pl\/#website\"},\"datePublished\":\"2023-06-23T14:33:32+00:00\",\"dateModified\":\"2023-06-23T14:41:39+00:00\",\"breadcrumb\":{\"@id\":\"https:\/\/roomsincracow.com\/pl\/zarazerwuj-pokoj\/#breadcrumb\"},\"inLanguage\":\"pl-PL\",\"potentialAction\":[{\"@type\":\"ReadAction\",\"target\":[\"https:\/\/roomsincracow.com\/pl\/zarazerwuj-pokoj\/\"]}]},{\"@type\":\"BreadcrumbList\",\"@id\":\"https:\/\/roomsincracow.com\/pl\/zarazerwuj-pokoj\/#breadcrumb\",\"itemListElement\":[{\"@type\":\"ListItem\",\"position\":1,\"name\":\"Strona g\u0142\u00f3wna\",\"item\":\"https:\/\/roomsincracow.com\/pl\/\"},{\"@type\":\"ListItem\",\"position\":2,\"name\":\"Zarazerwuj pok\u00f3j\"}]},{\"@type\":\"WebSite\",\"@id\":\"https:\/\/roomsincracow.com\/pl\/#website\",\"url\":\"https:\/\/roomsincracow.com\/pl\/\",\"name\":\"Rooms in Cracow\",\"description\":\"Rooms in Cracow\",\"potentialAction\":[{\"@type\":\"SearchAction\",\"target\":{\"@type\":\"EntryPoint\",\"urlTemplate\":\"https:\/\/roomsincracow.com\/pl\/?s={search_term_string}\"},\"query-input\":\"required name=search_term_string\"}],\"inLanguage\":\"pl-PL\"}]}<\/script>\n<!-- \/ Yoast SEO plugin. -->","yoast_head_json":{"title":"Zarazerwuj pok\u00f3j - Rooms in Cracow","robots":{"index":"index","follow":"follow","max-snippet":"max-snippet:-1","max-image-preview":"max-image-preview:large","max-video-preview":"max-video-preview:-1"},"canonical":"https:\/\/roomsincracow.com\/pl\/zarazerwuj-pokoj\/","og_locale":"pl_PL","og_type":"article","og_title":"Zarazerwuj pok\u00f3j - Rooms in Cracow","og_description":"Rezerwacji mo\u017cna dokona\u0107 za po\u015brednictwem strony airbnb: https:\/\/www.airbnb.pl\/p\/roomsincracow","og_url":"https:\/\/roomsincracow.com\/pl\/zarazerwuj-pokoj\/","og_site_name":"Rooms in Cracow","article_modified_time":"2023-06-23T14:41:39+00:00","twitter_card":"summary_large_image","schema":{"@context":"https:\/\/schema.org","@graph":[{"@type":"WebPage","@id":"https:\/\/roomsincracow.com\/pl\/zarazerwuj-pokoj\/","url":"https:\/\/roomsincracow.com\/pl\/zarazerwuj-pokoj\/","name":"Zarazerwuj pok\u00f3j - Rooms in Cracow","isPartOf":{"@id":"https:\/\/roomsincracow.com\/pl\/#website"},"datePublished":"2023-06-23T14:33:32+00:00","dateModified":"2023-06-23T14:41:39+00:00","breadcrumb":{"@id":"https:\/\/roomsincracow.com\/pl\/zarazerwuj-pokoj\/#breadcrumb"},"inLanguage":"pl-PL","potentialAction":[{"@type":"ReadAction","target":["https:\/\/roomsincracow.com\/pl\/zarazerwuj-pokoj\/"]}]},{"@type":"BreadcrumbList","@id":"https:\/\/roomsincracow.com\/pl\/zarazerwuj-pokoj\/#breadcrumb","itemListElement":[{"@type":"ListItem","position":1,"name":"Strona g\u0142\u00f3wna","item":"https:\/\/roomsincracow.com\/pl\/"},{"@type":"ListItem","position":2,"name":"Zarazerwuj pok\u00f3j"}]},{"@type":"WebSite","@id":"https:\/\/roomsincracow.com\/pl\/#website","url":"https:\/\/roomsincracow.com\/pl\/","name":"Rooms in Cracow","description":"Rooms in Cracow","potentialAction":[{"@type":"SearchAction","target":{"@type":"EntryPoint","urlTemplate":"https:\/\/roomsincracow.com\/pl\/?s={search_term_string}"},"query-input":"required name=search_term_string"}],"inLanguage":"pl-PL"}]}},"_links":{"self":[{"href":"https:\/\/roomsincracow.com\/pl\/wp-json\/wp\/v2\/pages\/168","targetHints":{"allow":["GET"]}}],"collection":[{"href":"https:\/\/roomsincracow.com\/pl\/wp-json\/wp\/v2\/pages"}],"about":[{"href":"https:\/\/roomsincracow.com\/pl\/wp-json\/wp\/v2\/types\/page"}],"author":[{"embeddable":true,"href":"https:\/\/roomsincracow.com\/pl\/wp-json\/wp\/v2\/users\/1"}],"replies":[{"embeddable":true,"href":"https:\/\/roomsincracow.com\/pl\/wp-json\/wp\/v2\/comments?post=168"}],"version-history":[{"count":2,"href":"https:\/\/roomsincracow.com\/pl\/wp-json\/wp\/v2\/pages\/168\/revisions"}],"predecessor-version":[{"id":174,"href":"https:\/\/roomsincracow.com\/pl\/wp-json\/wp\/v2\/pages\/168\/revisions\/174"}],"wp:attachment":[{"href":"https:\/\/roomsincracow.com\/pl\/wp-json\/wp\/v2\/media?parent=168"}],"curies":[{"name":"wp","href":"https:\/\/api.w.org\/{rel}","templated":true}]}}