{"id":100,"date":"2023-05-11T14:21:35","date_gmt":"2023-05-11T12:21:35","guid":{"rendered":"http:\/\/roomsincracow.loc\/about-cracow\/"},"modified":"2023-06-23T16:01:15","modified_gmt":"2023-06-23T14:01:15","slug":"about-cracow","status":"publish","type":"page","link":"https:\/\/roomsincracow.com\/pl\/about-cracow\/","title":{"rendered":"O Krakowie"},"content":{"rendered":"<p><strong>Krak\u00f3w,<\/strong> urzekaj\u0105cy klejnot Polski, kusi bogat\u0105 histori\u0105, urzekaj\u0105c\u0105 architektur\u0105 i t\u0119tni\u0105c\u0105 \u017cyciem scen\u0105 kulturaln\u0105. Po\u0142o\u017cone w samym sercu Europy miasto tysi\u0105ca cud\u00f3w oferuje niezapomniane wra\u017cenia ka\u017cdemu odwiedzaj\u0105cemu.<\/p>\n<p>\u00a0<\/p>\n<p>Wejd\u017a w labirynt uliczek Starego Miasta, wpisanego na List\u0119 \u015awiatowego Dziedzictwa UNESCO, i przygotuj si\u0119 na przeniesienie w czasie. Wspania\u0142y Rynek G\u0142\u00f3wny, najwi\u0119kszy \u015bredniowieczny plac w Europie, t\u0119tni \u017cyciem. Podziwiaj wspania\u0142o\u015b\u0107 Bazyliki Mariackiej i pos\u0142uchaj hipnotyzuj\u0105cego Hejna\u0142u Mariackiego, nawiedzaj\u0105cego tr\u0105bk\u0119, kt\u00f3ra odbija si\u0119 echem w ca\u0142ym mie\u015bcie.<\/p>\n<p>\u00a0<\/p>\n<p>W\u0119druj Traktem Kr\u00f3lewskim, kr\u00f3lewsk\u0105 \u015bcie\u017ck\u0105, kt\u00f3ra prowadzi do Zamku Kr\u00f3lewskiego na Wawelu, symbolu polskiej pot\u0119gi i dziedzictwa. Podziwiaj jego gotyck\u0105 architektur\u0119 i odkryj bogate komnaty, w kt\u00f3rych niegdy\u015b urz\u0119dowali kr\u00f3lowie i kr\u00f3lowe. Ze wzg\u00f3rza zamkowego mo\u017cna podziwia\u0107 panoramiczny widok na Wis\u0142\u0119 i rozleg\u0142e miasto poni\u017cej.<\/p>\n<p>\u00a0<\/p>\n<p>Krakowska scena kulturalna to gobelin artystycznego blasku. Zanurz si\u0119 w dzie\u0142ach wielkich mistrz\u00f3w w Muzeum Czartoryskich, w tym w hipnotyzuj\u0105cej &#8222;Damie z \u0142asiczk\u0105&#8221; Leonarda da Vinci. Odwied\u017a kultowy Uniwersytet Jagiello\u0144ski, na kt\u00f3rym kiedy\u015b studiowa\u0142 sam Kopernik, i poczuj ci\u0119\u017car wiedzy, kt\u00f3ry przenika jego sale.<\/p>\n<p>\u00a0<\/p>\n<p>Zanurz si\u0119 w smakach polskiej kuchni, odkrywaj\u0105c kulinarne przysmaki miasta. Delektuj si\u0119 paruj\u0105c\u0105 misk\u0105 tradycyjnych pierog\u00f3w, delikatnie wype\u0142nionych pikantnymi lub s\u0142odkimi nadzieniami. Podaruj swoim kubkom smakowym talerz chrupi\u0105cego oscypka, lokalnego w\u0119dzonego sera. \u017badna wizyta w Krakowie nie by\u0142aby kompletna bez wypicia szklanki orze\u017awiaj\u0105cego polskiego piwa lub kieliszka s\u0142ynnej w\u00f3dki z dodatkiem wi\u015bni, znanej jako wi\u015bni\u00f3wka.<\/p>\n<p>\u00a0<\/p>\n<p>Ale Krak\u00f3w to nie tylko miasto przesz\u0142o\u015bci; to t\u0119tni\u0105ca \u017cyciem, nowoczesna metropolia. Zanurz si\u0119 w t\u0119tni\u0105cym \u017cyciem nocnym, gdzie modne bary i kluby oferuj\u0105 szereg rozrywek. Odkryj podziemn\u0105 scen\u0119 jazzow\u0105, gdzie utalentowani muzycy tworz\u0105 melodie, kt\u00f3re poruszaj\u0105 dusz\u0119. Kupuj wyj\u0105tkowe pami\u0105tki i r\u0119cznie robione r\u0119kodzie\u0142a w modnych butikach i straganach rozsianych po ca\u0142ym mie\u015bcie.<\/p>\n<p>\u00a0<\/p>\n<p>O ka\u017cdej porze roku Krak\u00f3w rzuca sw\u00f3j urok. Podziwiaj kwitn\u0105ce kwiaty wi\u015bni wiosn\u0105, spaceruj po bujnej zieleni Plant latem, obserwuj ogniste kolory jesieni w okolicznych lasach i do\u015bwiadcz magicznego uroku jarmarku bo\u017conarodzeniowego zim\u0105.<\/p>\n<p>\u00a0<\/p>\n<p>Krak\u00f3w, ze swoj\u0105 bogat\u0105 histori\u0105, sztuk\u0105 i kultur\u0105, jest idealnym miejscem dla ka\u017cdego podr\u00f3\u017cnika. Zdob\u0119dzie Twoje serce swoim ponadczasowym pi\u0119knem i pozostawi niezatarty \u015blad w Twojej duszy. Przygotuj si\u0119 na oczarowanie, odkrywaj\u0105c brukowane uliczki, ch\u0142on\u0105c t\u0119tni\u0105c\u0105 \u017cyciem atmosfer\u0119 i tworz\u0105c wspomnienia, kt\u00f3re pozostan\u0105 na ca\u0142e \u017cycie. Krak\u00f3w czeka, gotowy, by obj\u0105\u0107 Ci\u0119 swoim u\u015bciskiem cud\u00f3w.<\/p>\n\n\n<p><\/p>\n","protected":false},"excerpt":{"rendered":"<p>Krak\u00f3w, urzekaj\u0105cy klejnot Polski, kusi bogat\u0105 histori\u0105, urzekaj\u0105c\u0105 architektur\u0105 i t\u0119tni\u0105c\u0105 \u017cyciem scen\u0105 kulturaln\u0105. Po\u0142o\u017cone w samym sercu Europy miasto tysi\u0105ca cud\u00f3w oferuje niezapomniane wra\u017cenia ka\u017cdemu odwiedzaj\u0105cemu. \u00a0 Wejd\u017a w labirynt uliczek Starego Miasta, wpisanego na List\u0119 \u015awiatowego Dziedzictwa UNESCO, i przygotuj si\u0119 na przeniesienie w czasie. Wspania\u0142y Rynek G\u0142\u00f3wny, najwi\u0119kszy \u015bredniowieczny plac w Europie, [&hellip;]<\/p>\n","protected":false},"author":1,"featured_media":0,"parent":0,"menu_order":0,"comment_status":"closed","ping_status":"closed","template":"page.php","meta":{"footnotes":""},"class_list":["post-100","page","type-page","status-publish","hentry"],"acf":[],"yoast_head":"<!-- This site is optimized with the Yoast SEO plugin v21.5 - https:\/\/yoast.com\/wordpress\/plugins\/seo\/ -->\n<title>O Krakowie - Rooms in Cracow<\/title>\n<meta name=\"robots\" content=\"index, follow, max-snippet:-1, max-image-preview:large, max-video-preview:-1\" \/>\n<link rel=\"canonical\" href=\"https:\/\/roomsincracow.com\/pl\/about-cracow\/\" \/>\n<meta property=\"og:locale\" content=\"pl_PL\" \/>\n<meta property=\"og:type\" content=\"article\" \/>\n<meta property=\"og:title\" content=\"O Krakowie - Rooms in Cracow\" \/>\n<meta property=\"og:description\" content=\"Krak\u00f3w, urzekaj\u0105cy klejnot Polski, kusi bogat\u0105 histori\u0105, urzekaj\u0105c\u0105 architektur\u0105 i t\u0119tni\u0105c\u0105 \u017cyciem scen\u0105 kulturaln\u0105. Po\u0142o\u017cone w samym sercu Europy miasto tysi\u0105ca cud\u00f3w oferuje niezapomniane wra\u017cenia ka\u017cdemu odwiedzaj\u0105cemu. \u00a0 Wejd\u017a w labirynt uliczek Starego Miasta, wpisanego na List\u0119 \u015awiatowego Dziedzictwa UNESCO, i przygotuj si\u0119 na przeniesienie w czasie. Wspania\u0142y Rynek G\u0142\u00f3wny, najwi\u0119kszy \u015bredniowieczny plac w Europie, [&hellip;]\" \/>\n<meta property=\"og:url\" content=\"https:\/\/roomsincracow.com\/pl\/about-cracow\/\" \/>\n<meta property=\"og:site_name\" content=\"Rooms in Cracow\" \/>\n<meta property=\"article:modified_time\" content=\"2023-06-23T14:01:15+00:00\" \/>\n<meta name=\"twitter:card\" content=\"summary_large_image\" \/>\n<meta name=\"twitter:label1\" content=\"Szacowany czas czytania\" \/>\n\t<meta name=\"twitter:data1\" content=\"2 minuty\" \/>\n<script type=\"application\/ld+json\" class=\"yoast-schema-graph\">{\"@context\":\"https:\/\/schema.org\",\"@graph\":[{\"@type\":\"WebPage\",\"@id\":\"https:\/\/roomsincracow.com\/pl\/about-cracow\/\",\"url\":\"https:\/\/roomsincracow.com\/pl\/about-cracow\/\",\"name\":\"O Krakowie - Rooms in Cracow\",\"isPartOf\":{\"@id\":\"https:\/\/roomsincracow.com\/pl\/#website\"},\"datePublished\":\"2023-05-11T12:21:35+00:00\",\"dateModified\":\"2023-06-23T14:01:15+00:00\",\"breadcrumb\":{\"@id\":\"https:\/\/roomsincracow.com\/pl\/about-cracow\/#breadcrumb\"},\"inLanguage\":\"pl-PL\",\"potentialAction\":[{\"@type\":\"ReadAction\",\"target\":[\"https:\/\/roomsincracow.com\/pl\/about-cracow\/\"]}]},{\"@type\":\"BreadcrumbList\",\"@id\":\"https:\/\/roomsincracow.com\/pl\/about-cracow\/#breadcrumb\",\"itemListElement\":[{\"@type\":\"ListItem\",\"position\":1,\"name\":\"Strona g\u0142\u00f3wna\",\"item\":\"https:\/\/roomsincracow.com\/pl\/\"},{\"@type\":\"ListItem\",\"position\":2,\"name\":\"O Krakowie\"}]},{\"@type\":\"WebSite\",\"@id\":\"https:\/\/roomsincracow.com\/pl\/#website\",\"url\":\"https:\/\/roomsincracow.com\/pl\/\",\"name\":\"Rooms in Cracow\",\"description\":\"Rooms in Cracow\",\"potentialAction\":[{\"@type\":\"SearchAction\",\"target\":{\"@type\":\"EntryPoint\",\"urlTemplate\":\"https:\/\/roomsincracow.com\/pl\/?s={search_term_string}\"},\"query-input\":\"required name=search_term_string\"}],\"inLanguage\":\"pl-PL\"}]}<\/script>\n<!-- \/ Yoast SEO plugin. -->","yoast_head_json":{"title":"O Krakowie - Rooms in Cracow","robots":{"index":"index","follow":"follow","max-snippet":"max-snippet:-1","max-image-preview":"max-image-preview:large","max-video-preview":"max-video-preview:-1"},"canonical":"https:\/\/roomsincracow.com\/pl\/about-cracow\/","og_locale":"pl_PL","og_type":"article","og_title":"O Krakowie - Rooms in Cracow","og_description":"Krak\u00f3w, urzekaj\u0105cy klejnot Polski, kusi bogat\u0105 histori\u0105, urzekaj\u0105c\u0105 architektur\u0105 i t\u0119tni\u0105c\u0105 \u017cyciem scen\u0105 kulturaln\u0105. Po\u0142o\u017cone w samym sercu Europy miasto tysi\u0105ca cud\u00f3w oferuje niezapomniane wra\u017cenia ka\u017cdemu odwiedzaj\u0105cemu. \u00a0 Wejd\u017a w labirynt uliczek Starego Miasta, wpisanego na List\u0119 \u015awiatowego Dziedzictwa UNESCO, i przygotuj si\u0119 na przeniesienie w czasie. Wspania\u0142y Rynek G\u0142\u00f3wny, najwi\u0119kszy \u015bredniowieczny plac w Europie, [&hellip;]","og_url":"https:\/\/roomsincracow.com\/pl\/about-cracow\/","og_site_name":"Rooms in Cracow","article_modified_time":"2023-06-23T14:01:15+00:00","twitter_card":"summary_large_image","twitter_misc":{"Szacowany czas czytania":"2 minuty"},"schema":{"@context":"https:\/\/schema.org","@graph":[{"@type":"WebPage","@id":"https:\/\/roomsincracow.com\/pl\/about-cracow\/","url":"https:\/\/roomsincracow.com\/pl\/about-cracow\/","name":"O Krakowie - Rooms in Cracow","isPartOf":{"@id":"https:\/\/roomsincracow.com\/pl\/#website"},"datePublished":"2023-05-11T12:21:35+00:00","dateModified":"2023-06-23T14:01:15+00:00","breadcrumb":{"@id":"https:\/\/roomsincracow.com\/pl\/about-cracow\/#breadcrumb"},"inLanguage":"pl-PL","potentialAction":[{"@type":"ReadAction","target":["https:\/\/roomsincracow.com\/pl\/about-cracow\/"]}]},{"@type":"BreadcrumbList","@id":"https:\/\/roomsincracow.com\/pl\/about-cracow\/#breadcrumb","itemListElement":[{"@type":"ListItem","position":1,"name":"Strona g\u0142\u00f3wna","item":"https:\/\/roomsincracow.com\/pl\/"},{"@type":"ListItem","position":2,"name":"O Krakowie"}]},{"@type":"WebSite","@id":"https:\/\/roomsincracow.com\/pl\/#website","url":"https:\/\/roomsincracow.com\/pl\/","name":"Rooms in Cracow","description":"Rooms in Cracow","potentialAction":[{"@type":"SearchAction","target":{"@type":"EntryPoint","urlTemplate":"https:\/\/roomsincracow.com\/pl\/?s={search_term_string}"},"query-input":"required name=search_term_string"}],"inLanguage":"pl-PL"}]}},"_links":{"self":[{"href":"https:\/\/roomsincracow.com\/pl\/wp-json\/wp\/v2\/pages\/100","targetHints":{"allow":["GET"]}}],"collection":[{"href":"https:\/\/roomsincracow.com\/pl\/wp-json\/wp\/v2\/pages"}],"about":[{"href":"https:\/\/roomsincracow.com\/pl\/wp-json\/wp\/v2\/types\/page"}],"author":[{"embeddable":true,"href":"https:\/\/roomsincracow.com\/pl\/wp-json\/wp\/v2\/users\/1"}],"replies":[{"embeddable":true,"href":"https:\/\/roomsincracow.com\/pl\/wp-json\/wp\/v2\/comments?post=100"}],"version-history":[{"count":3,"href":"https:\/\/roomsincracow.com\/pl\/wp-json\/wp\/v2\/pages\/100\/revisions"}],"predecessor-version":[{"id":147,"href":"https:\/\/roomsincracow.com\/pl\/wp-json\/wp\/v2\/pages\/100\/revisions\/147"}],"wp:attachment":[{"href":"https:\/\/roomsincracow.com\/pl\/wp-json\/wp\/v2\/media?parent=100"}],"curies":[{"name":"wp","href":"https:\/\/api.w.org\/{rel}","templated":true}]}}